{"id":10,"date":"2019-01-23T08:31:54","date_gmt":"2019-01-23T08:31:54","guid":{"rendered":"http:\/\/www.lampionfest.de\/?page_id=10"},"modified":"2022-08-18T06:55:27","modified_gmt":"2022-08-18T06:55:27","slug":"one-page-express","status":"publish","type":"page","link":"http:\/\/www.lampionfest.de\/?page_id=10","title":{"rendered":"Lampionfest"},"content":{"rendered":"<div id=\"overlapable-2\" class=\"features-coloured-icon-boxes-section\" style=\"background-color: #ffffff;\" data-category=\"overlapable\" data-label=\"Overlapable\" data-overlap=\"true\" data-id=\"stripped-coloured-icon-boxes\">\n<div class=\"gridContainer\">\n<div class=\"features-coloured-icon-boxes-innerrow flexbox-list dark-text\" data-type=\"row\">\n<div class=\"features-coloured-icon-boxes-featurecol cp4cols\">\n<h2 class=\"\">Wo<\/h2>\n<p><img decoding=\"async\" loading=\"lazy\" class=\"custom-image jetpack-lazy-image jetpack-lazy-image--handled\" src=\"https:\/\/i2.wp.com\/www.lampionfest.de\/wp-content\/uploads\/2019\/04\/gradierwerk.jpg?zoom=0.9024999886751175&amp;w=3840\" width=\"343\" height=\"226\" data-lazy-loaded=\"1\"><\/p>\n<p class=\"large_text_center\">Rund um den Kurpark des Sole- und Moorbads Westernkotten<\/p>\n<p class=\"large_text_center\">Cafeteria in der Kurhalle<\/p>\n<\/div>\n<div class=\"features-coloured-icon-boxes-featurecol cp4cols\">\n<h2 class=\"\">Wann<\/h2>\n<p><img decoding=\"async\" class=\"custom-image jetpack-lazy-image jetpack-lazy-image--handled\" src=\"http:\/\/www.lampionfest.de\/wp-content\/uploads\/2022\/07\/lampionfest2022.jpg\" alt=\"\" data-lazy-loaded=\"1\"><\/p>\n<p class=\"large_text_center\">\nab 13.00 Uhr<\/p>\n<p><img decoding=\"async\" class=\"custom-image jetpack-lazy-image jetpack-lazy-image--handled\" src=\"http:\/\/www.lampionfest.de\/wp-content\/uploads\/2022\/07\/Plakat_Lampionfest_DINA3-1.pdf\" alt=\"\" data-lazy-loaded=\"1\"><\/p>\n<p>Samstag, 20. August 2022<\/p>\n<\/div>\n<\/div>\n<\/div>\n<\/div>\n<div id=\"about-1\" class=\"about-big-images-section\" style=\"background-color: #f6f6f6;\" data-category=\"about\" data-label=\"About\" data-id=\"about-big-images-section\">\n<div class=\"gridContainer\">\n<div class=\"about-big-images-textrow\">\n<div class=\"about-big-images-textcol dynamic-color\" data-type=\"column\">\n<h2 class=\"\">Freuen Sie sich auf<\/h2>\n<h3 class=\"\">Cocktailbar <span class=\"span25\">Cafeteria<\/span><\/h3>\n<h3 class=\"\">Illuminierter Kurpark<\/h3>\n<h3 class=\"\">Musik und mehr\u2026<\/h3>\n<p class=\"large_text\">Ab 13 Uhr \u00f6ffnet das Lampionfest seine Tore. Es erwarten Sie eine Cocktailbar, verschiedene Verkaufsst\u00e4nde sowie Essens- und Getr\u00e4nkest\u00e4nde. F\u00fcr Unterhaltung von Klein und Gro\u00df ist gesorgt. Am Abend unterh\u00e4lt Sie ein DJ auf der B\u00fchne.<\/p>\n<\/div>\n<\/div>\n<\/div>\n<div class=\"about-big-images-bottomrow\">\n<div class=\"about-big-images-leftimgcol\"><img decoding=\"async\" loading=\"lazy\" class=\"about-big-images-leftimg jetpack-lazy-image jetpack-lazy-image--handled\" src=\"https:\/\/i2.wp.com\/www.lampionfest.de\/wp-content\/uploads\/2019\/08\/1.jpeg?zoom=0.9024999886751175&amp;w=3840&amp;ssl=1\" width=\"406\" height=\"271\" data-lazy-loaded=\"1\"><\/div>\n<div class=\"about-big-images-centerimgcol\"><img decoding=\"async\" loading=\"lazy\" class=\"about-big-images-centerimg jetpack-lazy-image jetpack-lazy-image--handled\" src=\"https:\/\/i2.wp.com\/www.lampionfest.de\/wp-content\/uploads\/2019\/08\/5.jpeg?zoom=0.9024999886751175&amp;w=3840&amp;ssl=1\" width=\"817\" height=\"544\" data-lazy-loaded=\"1\"><\/div>\n<div class=\"about-big-images-rightimgcol\"><img decoding=\"async\" loading=\"lazy\" class=\"about-big-images-rightimg jetpack-lazy-image jetpack-lazy-image--handled\" src=\"https:\/\/i1.wp.com\/www.lampionfest.de\/wp-content\/uploads\/2019\/08\/Lampionfest_2019_Samstag_40.jpg?w=3840&amp;ssl=1\" width=\"386\" height=\"257\" data-lazy-loaded=\"1\"><\/div>\n<\/div>\n<\/div>\n<div id=\"content-4\" class=\"content-right-image-section\" style=\"background-color: #ffffff;\" data-category=\"content\" data-label=\"Content\" data-id=\"content-image-right\">\n<div class=\"gridContainer\">\n<div class=\"content-right-image-gridcol\">\n<div class=\"content-right-image-textcol dynamic-color\" data-type=\"column\">\n<h2 class=\"\">Wenn es d\u00e4mmert, erstrahlt der Kurpark<\/h2>\n<p class=\"large_text\">Viele hundert Meter Lichterketten, bunte Gl\u00fchbirnen und \u00fcber den K\u00f6pfen der Besucher bunte Papierlampions in den B\u00e4umen \u2013 das alles sorgt f\u00fcr die einmalige Athmosph\u00e4re. Ein Highlight des Festes ist jedes Jahr das Entz\u00fcnden der Lampions. Mit einer langen Fackel werden diese entz\u00fcndet und tauchen den Kurpark in das unverwechselbare Licht- und Farbenspiel des Lampionfestes.<\/p>\n<\/div>\n<div class=\"content-right-image-imgcol\" data-type=\"column\"><img decoding=\"async\" loading=\"lazy\" class=\"jetpack-lazy-image jetpack-lazy-image--handled\" src=\"https:\/\/i2.wp.com\/www.lampionfest.de\/wp-content\/uploads\/2019\/08\/Lampionfest_2019_Samstag_67.jpg?w=3840&amp;ssl=1\" width=\"582\" height=\"388\" data-lazy-loaded=\"1\"><\/div>\n<\/div>\n<\/div>\n<\/div>\n<div id=\"portfolio-2\" style=\"background-color: #ffffff;\" data-category=\"portfolio\" data-label=\"Portfolio\" data-id=\"portfolio-full-section\">\n<div class=\"portfolio-full-section\" data-type=\"row\">\n<div class=\"portfolio-full-projectco cp4cols cp4cols-tablet\">\n<div id=\"ContentSwap103\" class=\"contentswap-effect ContentSwap103\">\n<div class=\"ContentSwap103_content initial-image\"><img decoding=\"async\" loading=\"lazy\" class=\"portfolio-full-projectimg jetpack-lazy-image jetpack-lazy-image--handled\" src=\"https:\/\/i1.wp.com\/www.lampionfest.de\/wp-content\/uploads\/2019\/01\/cropped-6.jpg?zoom=0.9024999886751175&amp;w=3840\" width=\"543\" height=\"362\" data-lazy-loaded=\"1\" data-size=\"1200x800\"><\/div>\n<div class=\"overlay\" style=\"display: block; opacity: 1;\"><\/div>\n<div class=\"swap-inner\" style=\"display: block; opacity: 1;\">\n<div class=\"ContentSwap103-center\">\n<h4 class=\"protfolio-full-itemtitle\">Musik-Act f\u00fcr Kinder<\/h4>\n<\/div>\n<\/div>\n<\/div>\n<\/div>\n<div class=\"portfolio-full-projectco cp4cols cp4cols-tablet\">\n<div id=\"ContentSwap103\" class=\"contentswap-effect ContentSwap103\">\n<div class=\"ContentSwap103_content initial-image\"><img decoding=\"async\" loading=\"lazy\" class=\"portfolio-full-projectimg jetpack-lazy-image jetpack-lazy-image--handled\" src=\"https:\/\/i0.wp.com\/www.lampionfest.de\/wp-content\/uploads\/2019\/01\/cropped-2017-Lampionfest-72.jpg?zoom=0.9024999886751175&amp;w=3840\" width=\"543\" height=\"362\" data-lazy-loaded=\"1\" data-size=\"1200x800\"><\/div>\n<div class=\"overlay\" style=\"display: block; opacity: 1;\"><\/div>\n<div class=\"swap-inner\" style=\"display: block; opacity: 1;\">\n<div class=\"ContentSwap103-center\">\n<h4 class=\"protfolio-full-itemtitle\">20 Jahre SV-Aktiv Bad Westernkotten<\/p>\n<p>Zwischen 13.30 und 18:00 Uhr:<\/p>\n<p>Sportliches Programm f\u00fcr Jung und Alt<\/p>\n<p>zum Mitmachen oder Zuschauen<\/h4>\n<\/div>\n<\/div>\n<\/div>\n<\/div>\n<div class=\"portfolio-full-projectco cp4cols cp4cols-tablet\">\n<div id=\"ContentSwap103\" class=\"contentswap-effect ContentSwap103\">\n<div class=\"ContentSwap103_content initial-image\"><img decoding=\"async\" loading=\"lazy\" class=\"portfolio-full-projectimg jetpack-lazy-image jetpack-lazy-image--handled\" src=\"https:\/\/i1.wp.com\/www.lampionfest.de\/wp-content\/uploads\/2019\/01\/cropped-IMG_4273.jpg?zoom=0.9024999886751175&amp;w=3840\" width=\"543\" height=\"362\" data-lazy-loaded=\"1\" data-size=\"1200x800\"><\/div>\n<div class=\"overlay\" style=\"display: block; opacity: 1;\"><\/div>\n<div class=\"swap-inner\" style=\"display: block; opacity: 1;\">\n<div class=\"ContentSwap103-center\">\n<h4 class=\"protfolio-full-itemtitle\">Aussteller<\/h4>\n<\/div>\n<\/div>\n<\/div>\n<\/div>\n<\/div>\n<\/div>\n<div id=\"cta-1\" class=\"cta-blue-section\" data-category=\"cta\" data-label=\"Call to action\" data-id=\"cta-blue-section\">\n<div class=\"gridContainer\">\n<div class=\"flexbox-list flexbox-list-align-center row\">\n<div class=\"cta-blue-textcol dynamic-color\">\n<h2 class=\"cta-blue-text\"><b class=\"element2\">Feiern Sie mit uns.&nbsp;<\/b> Wir freuen uns<\/h2>\n<\/div>\n<div><\/div>\n<\/div>\n<\/div>\n<\/div>\n<div id=\"team-1\" class=\"team-colors-section\" style=\"background-color: #f6f6f6;\" data-category=\"team\" data-label=\"Team\" data-id=\"team-colors-section\">\n<div class=\"gridContainer\">\n<div class=\"team-colors-membersrow dark-text\" data-type=\"row\">\n<div class=\"team-colors-membercol cp6cols-tablet cp4cols\">\n<div class=\"team-colors-membercard\">\n<div class=\"team-colors-background\"><\/div>\n<div class=\"team-colors-memberinfo\" data-type=\"column\"><img decoding=\"async\" class=\"team-colors-memberimg jetpack-lazy-image jetpack-lazy-image--handled\" src=\"http:\/\/www.lampionfest.de\/wp-content\/uploads\/2019\/01\/cropped-Kinderkonzert-Lampionfest-2020.jpg\" data-lazy-loaded=\"1\" data-size=\"500x500\" alt=\"\"><\/p>\n<h4 class=\"team-colors-membername\">Live-Act<\/h4>\n<p>In diesem Jahr wird Bernd Knobloch unsere kleinen G\u00e4ste mit seiner Kindermusik unterhalten<\/p>\n<\/div>\n<\/div>\n<\/div>\n<div class=\"team-colors-membercol cp6cols-tablet cp4cols\">\n<div class=\"team-colors-membercard\">\n<div class=\"team-colors-background\"><\/div>\n<div class=\"team-colors-memberinfo\" data-type=\"column\"><img decoding=\"async\" loading=\"lazy\" class=\"team-colors-memberimg jetpack-lazy-image jetpack-lazy-image--handled\" src=\"https:\/\/i0.wp.com\/www.lampionfest.de\/wp-content\/uploads\/2019\/01\/cropped-2017-Lampionfest-58.jpg?zoom=0.9024999886751175&amp;w=3840\" width=\"110\" height=\"110\" data-lazy-loaded=\"1\" data-size=\"500x500\"><\/p>\n<h4 class=\"team-colors-membername\">Genuss<\/h4>\n<p>Ob f\u00fcr den gro\u00dfen oder kleinen Hunger, s\u00fcss oder salzig.. f\u00fcr alles ist gesorgt<\/p>\n<\/div>\n<\/div>\n<\/div>\n<div class=\"team-colors-membercol cp6cols-tablet cp4cols\">\n<div class=\"team-colors-membercard\">\n<div class=\"team-colors-background\"><\/div>\n<div class=\"team-colors-memberinfo\" data-type=\"column\"><img decoding=\"async\" loading=\"lazy\" class=\"team-colors-memberimg jetpack-lazy-image jetpack-lazy-image--handled\" src=\"https:\/\/i2.wp.com\/www.lampionfest.de\/wp-content\/uploads\/2019\/08\/cropped-2.jpeg?zoom=0.9024999886751175&amp;w=3840&amp;ssl=1\" width=\"110\" height=\"110\" data-lazy-loaded=\"1\" data-size=\"500x500\"><\/p>\n<h4 class=\"team-colors-membername\">Musik &amp; Tanz<\/h4>\n<p>Traditionell wird ein DJ am Samstag die Tanzfl\u00e4che beschallen und f\u00fcr gute Laune sorgen.<\/p>\n<\/div>\n<\/div>\n<\/div>\n<\/div>\n<\/div>\n<\/div>\n<div id=\"contact-4\" class=\"contact-section-formsection white-text\" data-category=\"contact\" data-label=\"Contact\" data-id=\"contact-section\" data-bg=\"transparent\">\n<div>\n<div class=\"row_224\">\n<div class=\"contact-textrow\">\n<div class=\"contact-textcol dynamic-color\">\n<h2>Teilen Sie sich mit<\/h2>\n<p class=\"large_text_center_white\">Sie haben Anregungen, Fragen oder Kritik? Hier k\u00f6nnen Sie sie loswerden. Wir versuchen, alle Fragen zu beantworten.<\/p>\n<\/div>\n<\/div>\n<\/div>\n<div class=\"contact-formcol\" data-content-shortcode=\"one_page_express_contact_form shortcode=&quot;contact-form-7 id=&amp;amp;quot;12&amp;amp;quot; title=&amp;amp;quot;Kontaktformular 1&amp;amp;quot;&quot;\" data-editable=\"true\">[one_page_express_contact_form shortcode=&#8220;contact-form-7 id=&amp;quot;12&amp;quot; title=&amp;quot;Kontaktformular 1&amp;quot;&#8220;]<\/div>\n<\/div>\n<\/div>\n","protected":false},"excerpt":{"rendered":"<p>Wo Rund um den Kurpark des Sole- und Moorbads Westernkotten Cafeteria in der Kurhalle Wann ab 13.00 Uhr Samstag, 20. August 2022 Freuen Sie sich auf Cocktailbar Cafeteria Illuminierter Kurpark Musik und mehr\u2026 Ab 13 Uhr \u00f6ffnet das Lampionfest seine Tore. Es erwarten Sie eine Cocktailbar, verschiedene Verkaufsst\u00e4nde sowie Essens- und Getr\u00e4nkest\u00e4nde. F\u00fcr Unterhaltung von [&hellip;]<\/p>\n","protected":false},"author":1,"featured_media":0,"parent":0,"menu_order":0,"comment_status":"closed","ping_status":"open","template":"","meta":[],"_links":{"self":[{"href":"http:\/\/www.lampionfest.de\/index.php?rest_route=\/wp\/v2\/pages\/10"}],"collection":[{"href":"http:\/\/www.lampionfest.de\/index.php?rest_route=\/wp\/v2\/pages"}],"about":[{"href":"http:\/\/www.lampionfest.de\/index.php?rest_route=\/wp\/v2\/types\/page"}],"author":[{"embeddable":true,"href":"http:\/\/www.lampionfest.de\/index.php?rest_route=\/wp\/v2\/users\/1"}],"replies":[{"embeddable":true,"href":"http:\/\/www.lampionfest.de\/index.php?rest_route=%2Fwp%2Fv2%2Fcomments&post=10"}],"version-history":[{"count":177,"href":"http:\/\/www.lampionfest.de\/index.php?rest_route=\/wp\/v2\/pages\/10\/revisions"}],"predecessor-version":[{"id":2465,"href":"http:\/\/www.lampionfest.de\/index.php?rest_route=\/wp\/v2\/pages\/10\/revisions\/2465"}],"wp:attachment":[{"href":"http:\/\/www.lampionfest.de\/index.php?rest_route=%2Fwp%2Fv2%2Fmedia&parent=10"}],"curies":[{"name":"wp","href":"https:\/\/api.w.org\/{rel}","templated":true}]}}